{"id":78,"date":"2009-06-14T16:46:27","date_gmt":"2009-06-14T14:46:27","guid":{"rendered":"http:\/\/www.gerhardschulze.de\/?page_id=78"},"modified":"2023-10-18T16:56:48","modified_gmt":"2023-10-18T14:56:48","slug":"presseveroffentlichungen","status":"publish","type":"page","link":"https:\/\/www.gerhardschulze.de\/index.php\/presseveroffentlichungen\/","title":{"rendered":"Pressever\u00f6ffentlichungen"},"content":{"rendered":"<ul>\n<li>&#8222;Die Verteidigung der Methodenhoheit. Soziologie statt Quasisoziologie.&#8220; Gastkommentar. Neue Z\u00fcrcher Zeitung, 24. 09. 2016.<\/li>\n<li>&#8222;Die Kunst der Lebenslust.&#8220; Gastkommentar. Neue Z\u00fcrcher Zeitung, 27. 06. 2016.<\/li>\n<li>&#8222;Die Symbolwelt partikularisiert sich.&#8220; Interview mit Trend Update \/ Zukunftsinstitut 2\/2016. http:\/\/www.zukunftsinstitut.de\/artikel\/tup-digital\/07-status-reloaded\/05-experts-insights\/interview-gerhard-schulze\/<\/li>\n<li>&#8222;Gl\u00fccksmomente. Ein Selbstversuch.&#8220; Neue Z\u00fcrcher Zeitung, Samstag 30. 05.\u00a02015.<\/li>\n<li>&#8222;Seid froh, dass ihr die Freiheit habt, selbst zu entscheiden.&#8220; Gespr\u00e4ch \u00fcber S\u00fcnde, Freiheit, Grenzen und Selbstbestimmung des Menschen. Interview mit Wolfgang Noack in: Das Bauger\u00fcst. Zeitschrift f\u00fcr Jugend- und Bildungsarbeit.\u00a0\u00a0\u00a0\u00a0\u00a0\u00a0\u00a0\u00a0\u00a0\u00a0\u00a0\u00a0\u00a0\u00a0\u00a0\u00a0\u00a0\u00a0\u00a0\u00a0\u00a0\u00a0\u00a0\u00a0\u00a0\u00a0\u00a0\u00a0\u00a0\u00a0\u00a0\u00a0\u00a0\u00a0\u00a0\u00a0\u00a0\u00a0\u00a0\u00a0\u00a0\u00a0\u00a0\u00a0\u00a0\u00a0 Jg. 66, 2014, Nr. 3, S. 32-35.<\/li>\n<li>&#8222;Selbstverwirklichung: Allein im Tun erfahren wir uns selbst.&#8220; Interview mit Alina Schadwinkel in: ZEIT ONLINE, 7. 4. 2014.<\/li>\n<li>&#8222;S\u00fcndenkatalog macht moralische Fragen \u00fcbersichtlich&#8220;. Interview in: Weser Kurier, 5. 3. 2014.<\/li>\n<li>&#8222;Organizing scepticism.&#8220; Interview in: CIM &#8211; Conference &amp; Incentive Management, February 2014, Issue 1, 18-20.<\/li>\n<li>&#8222;Unwissenheit ist verlockend.&#8220; Interview in: duz &#8211; Deutsche Universit\u00e4tszeitung, 24.01.2014, 2.<\/li>\n<li>&#8222;Aufbruch &#8211; Der Rollenwandel des Apothekers im Zeichen der therapeutischen L\u00fccke.&#8220; Deutsche Apothekerzeitung 7. 11. 2013<\/li>\n<li>&#8222;Was ist normal?&#8220; Gespr\u00e4ch mit Stefanie Schramm. DIE ZEIT Nr. 20, 8. Mai 2013<\/li>\n<li>&#8222;Die Grenzen der Toleranz.&#8220; Journal der Autostadt Mai &#8211; Juni 2013, Nr. 3, S. 26<\/li>\n<li>&#8222;Landschaften zwischen Ramba-zamba und Dornr\u00f6schenschlaf.&#8220; Neue Z\u00fcrcher Zeitung 28.03.2013<\/li>\n<li>&#8222;Raus aus der Vergangenheitsfalle. Eine soziologische Provokation.&#8220; Deutsche Apothekerzeitung 23. 3. 2013<\/li>\n<li>&#8222;Gegner, aber keine Feinde mehr. Die starren Fronten zwischen Schul- und Alternativmedizinern werden durchl\u00e4ssiger. &#8220; (Bericht von Dirk Schnack). \u00c4rztezeitung, 30. November 2012<\/li>\n<li>&#8222;Junge Flexible.&#8220; Interview. GfK Compact Oktober 2012<\/li>\n<li><a title=\"Wohntr\u00e4ume werden wahr. Ein soziologischer Blick in deutsche Lebenswelten\" href=\"http:\/\/derarchitektbda.de\/wohntraume-werden-wahr\/\">&#8222;Wohntr\u00e4ume werden wahr. Ein soziologischer Blick in deutsche Lebenswelten.&#8220; <\/a>Der Architekt, August 2012<\/li>\n<li>\u201eApotheker in der Krise. Eine in die Zukunft gerichtete Bestandsaufnahme.&#8220; Deutsche Apotheker Zeitung 08.03.2012<\/li>\n<li>\u201eDie F\u00e4higkeit zur Gelassenheit l\u00e4sst sich \u00fcben.\u201c Literarische Welt 23.07.2011<\/li>\n<li>\u201eDas Dilemma: Ohne Gier gibt\u2019s keine Krise \u2013 aber auch kein Brot.\u201c Neugier.de\u00a0 Februar 2011<\/li>\n<li>\u201eDas Alarmdilemma.&#8220; Westdeutsche Allgemeine Zeitung 05.04.2011<\/li>\n<li><a href=\"http:\/\/www.tagesspiegel.de\/kultur\/vom-nutzen-der-katastrophe\/3994314.html\">\u201eVom Nutzen der Katastrophe.&#8220; <\/a>Der Tagesspiegel 28.03.2011<\/li>\n<li><a href=\"http:\/\/www.welt.de\/print\/die_welt\/debatte\/article12647971\/Leitbild-Feigling.html\">\u201eLeitbild Feigling.&#8220; DIE WELT 26.02.2011<\/a><\/li>\n<li>\u201eDer Pionier, der Besorgte und der Hausmeister.&#8220; Wirtschaftswoche 21.02.2011<\/li>\n<li>\u201eMittendrin stat nur dabei. Warum Eventitis zu Unrecht als Krankheit gilt.&#8220; brand eins 04.02.2011<\/li>\n<li><a href=\"http:\/\/diepresse.com\/home\/science\/629947\/Soziologe_Leben-in-lebenslangem-Alarmdilemma\">\u201eLeben im lebenslangen Alarmdilemma.&#8220; Die Presse, Wien 01.02.2011<\/a><\/li>\n<li>\u201eWeg frei f\u00fcr die Entfaltung aller.\u201c Stadtansichten &#8211; das Magazin der Autostadt, 37, Januar 2011<\/li>\n<li>\u201eWas geht, was geht nicht? Das Internet, eine schlecht erforschte Gegend.\u201c Neue Z\u00fcricher Zeitung 30.12.2010<\/li>\n<li><a href=\"http:\/\/www.welt.de\/print\/die_welt\/debatte\/article11517425\/Lob-der-Diskretion.html\">\u201eLob der Diskretion.\u201c DIE WELT 10.12.2010<\/a><\/li>\n<li><a href=\"http:\/\/www.welt.de\/print\/wams\/vermischtes\/article11100703\/Das-P-Wort.html\">\u201eDas P-Wort.\u201c WELT AM SONNTAG 10.12.2010<\/a><\/li>\n<li><a href=\"http:\/\/www.welt.de\/die-welt\/debatte\/article9770500\/Sarrazin-ein-Fall-fuer-Schopenhauer.html\">\u201eSarrazin &#8211; ein Fall f\u00fcr Schopenhauer.\u201c DIE WELT 21.9.2010<\/a><\/li>\n<li>\u201eWir armen Steuerzahler.\u201c WELT AM SONNTAG\u00a0\u00a0 4. 7. 2010<\/li>\n<li>\u201eAufr\u00fctteln und abwiegeln. Wie wir uns am Unvermeidlichen abarbeiten \u2013 Anmerkungen zur laufenden Krise.\u201c Neue Z\u00fcrcher Zeitung 7. Juni 2010<\/li>\n<li><a href=\"http:\/\/www.welt.de\/die-welt\/kultur\/article5915077\/Man-kann-die-Taliban-nicht-allein-mit-Brot-bekaempfen.html\">\u201eMan kann die Taliban nicht allein mit Brot bek\u00e4mpfen.\u201c DIE WELT\u00a0 20. 1. 2010<\/a><\/li>\n<li><a href=\"http:\/\/www.welt.de\/die-welt\/kultur\/literatur\/article5792866\/Woher-kommt-denn-diese-Scham.html\">\u201eWoher kommt eigentlich diese Scham?\u201c WELT AM SONNTAG 10. 1. 2010<\/a><\/li>\n<li>\u201eKrisen. Eine kultursoziologische Exkursion in un\u00fcbersichtlichem Gel\u00e4nde.\u201c Neue Z\u00fcrcher Zeitung 31. 12. 2009<\/li>\n<li>\u201eWas ist eigentlich normal?\u201c DIE WELT 5. 12. 2009<\/li>\n<li>\u201eWas tun, wenn einem das Gl\u00fchbirnenverbot nicht einleuchtet?\u201c Neue Z\u00fcrcher Zeitung 17. 11. 2009<\/li>\n<li>\u201eFreiheit und Sicherheit. \u00dcber das zwiesp\u00e4ltige Verh\u00e4ltnis zum Neuen.\u201c Stadtansichten \u2013 Das Magazin der Autostadt. 31. 6. 2009<\/li>\n<li>\u201eZum Gl\u00fcck.\u201c Dialog mit G\u00fcnther Jauch, Chrismon 5. \u2013 9. 6. 2009 (Beilage zur S\u00fcddeutschen Zeitung, zur Frankfurter Allgemeinen Zeitung und zur ZEIT)<\/li>\n<li>\u201eProfessor Gerhard Schulze. Der politisch Unkorrekte.\u201c Portr\u00e4t in der Reihe \u201eK\u00f6pfe\u201c von Judith-Maria Gillies. Trend \u2013 Zeitschrift f\u00fcr Soziale Marktwirtschaft, Nr. 119, II. Quartal 2009<\/li>\n<li><a href=\"http:\/\/derstandard.at\/1240549818246\/Die-Geldgier-zaehmen---und-alles-wird-gut?seite=3\">\u201eDie Geldgier z\u00e4hmen \u2013 und alles wird gut?\u201c DER STANDARD, Wien, 25. \/26. 4. 2009<\/a><\/li>\n<li><a href=\"http:\/\/www.welt.de\/die-welt\/article3516233\/Die-Milchmaedchenrechnung.html\">Essay \u201eDie Milchm\u00e4dchenrechnung. Unsere Alltagserfahrungen n\u00fctzen wenig, um zu verstehen, wie Wirtschaft funktioniert.\u201c DIE WELT 7. 4. 2009<\/a><\/li>\n<li><a href=\"http:\/\/www.welt.de\/wams_print\/article3463709\/Die-Bussprediger-sind-wieder-unter-uns.html\">\u201eDie Bu\u00dfprediger sind wieder unter uns. Ohne Gier und Geldwirtschaft gibt es weder Kuchen noch Brot.\u201c WELT AM SONNTAG 29. <\/a>3. 2009<\/li>\n<li>\u201eFinanzkrise und Gier.\u201c Interview im Capital Investor Online, 5 \/2009<\/li>\n<li><a href=\"http:\/\/www.wiwo.de\/politik-weltwirtschaft\/risiko-ertuechtigt-uns-379435\/3\/\">\u201eRisiko ert\u00fcchtigt uns.\u201c Interview zur Zukunft des Kapitalismus. Wirtschaftswoche 1. 12. 2008<\/a><\/li>\n<li>\u201eWas fehlt in Hans-Ulrich Wehlers Gesellschaftsgeschichte?\u201c Frankfurter Allgemeine Zeitung 8. 10. 2008<\/li>\n<li>\u201eSoziologie und Gl\u00fcckssuche.\u201c Interview Bamberger Studentenzeitung \u201eOttfried\u201c 10. 12. 2008<\/li>\n<li><a href=\"http:\/\/www.welt.de\/welt_print\/article2333968\/Die-Ueberdrussgesellschaft.html\">&#8222;Die \u00dcberdrussgesellschaft&#8220;. DIE WELT 21. 8. 2008<\/a><\/li>\n<li>&#8222;Die Raucher wehren sich.&#8220; Gastkommentar DIE WELT 2. 8. 2008<\/li>\n<li><a href=\"http:\/\/www.welt.de\/welt_print\/article2210623\/Im_Gefaengnis.html\">&#8222;Im Gef\u00e4ngnis.&#8220; DIE WELT 14. 7. 2008<\/a><\/li>\n<li>&#8222;Zwei Dimensionen.&#8220; Interview Dresdner Neue Nachrichten 17. 6. 2008<\/li>\n<li>&#8222;Ein Land im Dornr\u00f6schenschlaf.&#8220; WELT AM SONNTAG 18. 5. 2008<\/li>\n<li>&#8222;Auf der Suche nach dem unwiederholbaren Erlebnis. Das Konzert zwischen Verf\u00fcgbarkeit und Begegnung.&#8220; Neue Z\u00fcrcher Zeitung 15. \/16. 3. 2008<\/li>\n<li><a href=\"http:\/\/www.welt.de\/welt_print\/article1639845\/Die_Macht_des_Lachens.html\">\u201eMeine Woche.\u201c Kolummne in DIE WELT vom 4. 2. 2008 bis 9. 2. 200<\/a>8<\/li>\n<li><a href=\"http:\/\/www.stern.de\/panorama\/interview-spiesser-bedeutetet-bloss-noch-arschloch-606036.html\">\u201eSpie\u00dfer bedeutet nur noch Arschloch.\u201c Interview mit Wolfgang R\u00f6hl, Stern 31. 12. 2007<\/a><\/li>\n<li>&#8222;Jenseits von Haben oder Sein.&#8220; Neue Z\u00fcrcher Zeitung vom 9.\/10. Juni 2007<\/li>\n<li>&#8222;Welttheater.&#8220; Gastkommentar. DIE WELT vom 29. 5. 2007<\/li>\n<li>&#8222;Ein Konzern frisst sich auf. Die Deutsche Telekom versteht nichts mehr von Kommunikation.&#8220; DIE WELT vom 12. 5. 2007<\/li>\n<li>&#8222;Meine Woche&#8220;. Kolummne in DIE WELT vom 8. 1. 2007 bis 13. 1. 2007<\/li>\n<li><a href=\"https:\/\/www.gerhardschulze.de\/wp-content\/uploads\/presse\/Schulze_Lob_des_Spiessers.pdf\" target=\"_blank\" rel=\"noopener noreferrer\">&#8222;Lob des Spie\u00dfers.&#8220; DIE WELT vom 3.1.2007<\/a><\/li>\n<li><a href=\"https:\/\/www.gerhardschulze.de\/wp-content\/uploads\/presse\/Schulze_Poesie_des_Alltagslebens.pdf\" target=\"_blank\" rel=\"noopener noreferrer\">&#8222;Poesie des Alltagslebens. \u00dcber die Kunst, sich auch in der Moderne \u00fcberraschen zu lassen.&#8220; Neue Z\u00fcrcher Zeitung vom 23.\/24.12.2006<\/a><\/li>\n<li><a href=\"https:\/\/www.gerhardschulze.de\/wp-content\/uploads\/presse\/Unterschicht_1.pdf\" target=\"_blank\" rel=\"noopener noreferrer\">&#8222;Sch\u00f6ne schlichte Welt.&#8220; DIE WELT vom 23.10.2006<\/a><\/li>\n<li>&#8222;Werbung ist eine Art kulturelles Heimatger\u00e4usch.&#8220; Interview \u00fcber das Schicksal von Konsument und Marke. HORIZONT Nr. 41 vom 13.10.2006<\/li>\n<li><a href=\"https:\/\/www.gerhardschulze.de\/wp-content\/uploads\/presse\/sicherheit.pdf\" target=\"_blank\" rel=\"noopener noreferrer\">&#8222;Mehr Sicherheit wagen.&#8220; DIE WELT vom 05.09.2006<\/a><\/li>\n<li><a href=\"https:\/\/www.gerhardschulze.de\/wp-content\/uploads\/presse\/Freizeit.pdf\" target=\"_blank\" rel=\"noopener noreferrer\">&#8222;Freizeit ist Schwerstarbeit. Faulsein in der gereiften Erlebnisgesellschaft.&#8220; &#8222;Du&#8220; Nr. 768 im Juli\/August 2006<\/a><\/li>\n<li><a href=\"https:\/\/www.gerhardschulze.de\/wp-content\/uploads\/presse\/flexicurity.pdf\" target=\"_blank\" rel=\"noopener noreferrer\">&#8222;Keine Scheu vor dem Risiko. Arbeitnehmer m\u00fcssen flexibel wie Unternehmer sein.&#8220; DIE WELT vom 21.07.2006<\/a><\/li>\n<li>&#8222;Die Feinde des sch\u00f6nen Lebens.&#8220; Interview in der N\u00fcrnberger Zeitung vom 14.07.2006<\/li>\n<li>&#8222;Adieu S\u00fcnde. Gerhard Schulzes Gegenentwurf.&#8220; Beitrag von Raimund Kirch in: N\u00fcrnberger Nachrichten vom 1.\/2. Juli 2006, Wochenendmagazin.<\/li>\n<li><a href=\"https:\/\/www.gerhardschulze.de\/wp-content\/uploads\/presse\/avisio.pdf\" target=\"_blank\" rel=\"noopener noreferrer\">&#8222;Vom Gl\u00fcck des s\u00fcndigen Lebens. Eine Verteidigung der westlichen Gesellschaft.&#8220; aviso. Zeitschrift f\u00fcr Wissenschaft und Kunst in Bayern. 3\/2006<\/a><\/li>\n<li><a href=\"https:\/\/www.gerhardschulze.de\/wp-content\/uploads\/presse\/GuteReligionNZZ.pdf\" target=\"_blank\" rel=\"noopener noreferrer\">&#8222;Grenzgang mit Humor. Eine Er\u00f6rterung der Frage: Was ist eine gute Religion?.&#8220; Neue Z\u00fcrcher Zeitung vom 16.06.2006<\/a><\/li>\n<li><a href=\"https:\/\/www.gerhardschulze.de\/wp-content\/uploads\/presse\/mensbestTreue.pdf\" target=\"_blank\" rel=\"noopener noreferrer\">&#8222;Die Faszination der Treue.&#8220; Best Life Nr. 3, 2006, S. 22<\/a><\/li>\n<li><a href=\"https:\/\/www.gerhardschulze.de\/wp-content\/uploads\/presse\/lobderalten.pdf\" target=\"_blank\" rel=\"noopener noreferrer\">Gastkommentar &#8222;Lob der Alten.&#8220; DIE WELT vom 06.02.2006<\/a><\/li>\n<li><a href=\"https:\/\/www.gerhardschulze.de\/wp-content\/uploads\/presse\/dassuessegift.pdf\" target=\"_blank\" rel=\"noopener noreferrer\">Essay &#8222;Das s\u00fc\u00dfe Gift der Entm\u00fcndigung.&#8220; NZZ Folio &#8211; Die Zeitschrift der Neuen Z\u00fcrcher Zeitung, Februar 2006. Heftthema: &#8222;Berater &#8211; die hilflosen Souffleure der Gesellschaft&#8220;<\/a><\/li>\n<li><a href=\"https:\/\/www.gerhardschulze.de\/wp-content\/uploads\/presse\/lobdertreue.pdf\" target=\"_blank\" rel=\"noopener noreferrer\">Essay &#8222;Lob der Treue.&#8220; DIE WELT vom 13.01.2006<\/a><\/li>\n<li><a href=\"https:\/\/www.gerhardschulze.de\/wp-content\/uploads\/presse\/herderinterview.pdf\" target=\"_blank\" rel=\"noopener noreferrer\">Interview Herder Korrespondenz. Monatshefte f\u00fcr Gesellschaft und Religion. Heft 12, Dezember 2005. &#8222;Wie modern ist unsere Gesellschaft?&#8220;<\/a><\/li>\n<li>Artikel Neue Z\u00fcrcher Zeitung: Auf der Suche nach der besten aller Welten, 24.12.2004<\/li>\n<li><a href=\"https:\/\/www.gerhardschulze.de\/wp-content\/uploads\/presse\/fraenkischertag2022_11_04.doc\" target=\"_blank\" rel=\"noopener noreferrer\">Portr\u00e4t im Fr\u00e4nkischen Tag: &#8222;Zartes Verst\u00e4ndnis f\u00fcr harte Fakten&#8220;, November 2004<\/a><\/li>\n<li>Artikel in Psychologie Heute: &#8222;Moderne Gl\u00fcckssucher.&#8220;<br \/>\nIn: Faszination Psychologie. Weinheim und Basel 2004<br \/>\n(Jubil\u00e4umsband zum 30j\u00e4hrigen Bestehen von Psychologie<\/li>\n<li><a href=\"https:\/\/www.gerhardschulze.de\/wp-content\/uploads\/presse\/ceo.pdf\" target=\"_blank\" rel=\"noopener noreferrer\">Interview: ceo* Magazin (Z\u00fcrich): &#8222;Ziel erreicht. Was dann?&#8220; Juni\/August 2004<\/a><\/li>\n<li><a href=\"https:\/\/www.gerhardschulze.de\/wp-content\/uploads\/presse\/katastrophenfolklore.pdf\" target=\"_blank\" rel=\"noopener noreferrer\">Artikel S\u00fcddeutsche Zeitung: &#8222;Katastrophenfolklore&#8220;, 05.04.2004<\/a><\/li>\n<li><a href=\"https:\/\/www.gerhardschulze.de\/wp-content\/uploads\/presse\/koennenundsein.pdf\" target=\"_blank\" rel=\"noopener noreferrer\">Bericht Ober\u00f6sterreichische Nachrichten: &#8222;Zwischen K\u00f6nnen und Sein&#8220;, 06.03.2004<\/a><\/li>\n<li><a href=\"https:\/\/www.gerhardschulze.de\/wp-content\/uploads\/presse\/furche.pdf\" target=\"_blank\" rel=\"noopener noreferrer\">Interview: Die Furche, Februar 2004<\/a><\/li>\n<li><a href=\"https:\/\/www.gerhardschulze.de\/wp-content\/uploads\/presse\/warteschleife.pdf\" target=\"_blank\" rel=\"noopener noreferrer\">Artikel S\u00fcddeutsche Zeitung: &#8222;Willkommen in der Warteschleife&#8220;, 10.02.2004<\/a><\/li>\n<li><a href=\"https:\/\/www.gerhardschulze.de\/wp-content\/uploads\/presse\/religion.pdf\" target=\"_blank\" rel=\"noopener noreferrer\">Interview: Religion heute, Dezember 2003<\/a><\/li>\n<li><a href=\"https:\/\/www.gerhardschulze.de\/wp-content\/uploads\/presse\/geschwindigkeit.pdf\" target=\"_blank\" rel=\"noopener noreferrer\">Interview: Die Welt, 20.10.2003<\/a><\/li>\n<li>Interview: McKinsey Wissen, September 2003<\/li>\n<\/ul>\n","protected":false},"excerpt":{"rendered":"<p>&#8222;Die Verteidigung der Methodenhoheit. Soziologie statt Quasisoziologie.&#8220; Gastkommentar. Neue Z\u00fcrcher Zeitung, 24. 09. 2016. &#8222;Die Kunst der Lebenslust.&#8220; Gastkommentar. Neue Z\u00fcrcher Zeitung, 27. 06. 2016. &#8222;Die Symbolwelt partikularisiert sich.&#8220; Interview mit Trend Update \/ Zukunftsinstitut 2\/2016. http:\/\/www.zukunftsinstitut.de\/artikel\/tup-digital\/07-status-reloaded\/05-experts-insights\/interview-gerhard-schulze\/ &#8222;Gl\u00fccksmomente. Ein Selbstversuch.&#8220; Neue Z\u00fcrcher Zeitung, Samstag 30. 05.\u00a02015. &#8222;Seid froh, dass ihr die Freiheit habt, selbst zu&#8230;<\/p>\n","protected":false},"author":4,"featured_media":0,"parent":0,"menu_order":5,"comment_status":"closed","ping_status":"closed","template":"nosidebar.php","meta":{"footnotes":""},"class_list":["post-78","page","type-page","status-publish","hentry"],"_links":{"self":[{"href":"https:\/\/www.gerhardschulze.de\/index.php\/wp-json\/wp\/v2\/pages\/78","targetHints":{"allow":["GET"]}}],"collection":[{"href":"https:\/\/www.gerhardschulze.de\/index.php\/wp-json\/wp\/v2\/pages"}],"about":[{"href":"https:\/\/www.gerhardschulze.de\/index.php\/wp-json\/wp\/v2\/types\/page"}],"author":[{"embeddable":true,"href":"https:\/\/www.gerhardschulze.de\/index.php\/wp-json\/wp\/v2\/users\/4"}],"replies":[{"embeddable":true,"href":"https:\/\/www.gerhardschulze.de\/index.php\/wp-json\/wp\/v2\/comments?post=78"}],"version-history":[{"count":60,"href":"https:\/\/www.gerhardschulze.de\/index.php\/wp-json\/wp\/v2\/pages\/78\/revisions"}],"predecessor-version":[{"id":710,"href":"https:\/\/www.gerhardschulze.de\/index.php\/wp-json\/wp\/v2\/pages\/78\/revisions\/710"}],"wp:attachment":[{"href":"https:\/\/www.gerhardschulze.de\/index.php\/wp-json\/wp\/v2\/media?parent=78"}],"curies":[{"name":"wp","href":"https:\/\/api.w.org\/{rel}","templated":true}]}}