{"id":736,"date":"2023-10-18T17:22:27","date_gmt":"2023-10-18T15:22:27","guid":{"rendered":"https:\/\/www.gerhardschulze.de\/?page_id=736"},"modified":"2023-10-21T11:39:34","modified_gmt":"2023-10-21T09:39:34","slug":"impressum","status":"publish","type":"page","link":"https:\/\/www.gerhardschulze.de\/index.php\/impressum\/","title":{"rendered":"Datenschutz &#038; Impressum"},"content":{"rendered":"<p>Datenschutzerkl\u00e4rung<\/p>\n<p>1. Personenbezogene Datenerfassung auf meiner Webseite<br \/>\nAuf meiner Webseite gerhardschulze.de erhebe ich keine personenbezogenen Daten. Meine Webseite dient allein der Information zu meinen B\u00fcchern und sonstigen Ver\u00f6ffentlichungen, zu meinen Veranstaltungen an der Uni Bamberg und zu meiner Person. Es gibt kein Kontaktformular, keine Bezahlm\u00f6glichkeit und keine Kommentarfunktion. Sie k\u00f6nnen mir aber gerne an die weiter unten hinterlegte Postanschrift einen Brief schicken oder mich per E-Mail kontaktieren.<\/p>\n<p>2. Automatische Erfassung von Daten<br \/>\nWenn Sie meine Webseite besuchen, werden dennoch Daten erhoben. Sie entstehen im Austausch der IT-Systeme, die Webseiten anzeigen, zur Verf\u00fcgung stellen und\/oder technisch betreuen. Erhoben und ausgetauscht werden technische Daten, siehe dazu Punkt 4. dieser Erkl\u00e4rung. Ohne den Austausch dieser Daten w\u00fcrde die Kommunikation im Internet nicht funktionieren und eine fehlerfreie Darstellung und Funktionalit\u00e4t von Webseiten w\u00e4re unm\u00f6glich.<br \/>\nDie erhobenen Daten dienen auch der Analyse des Nutzerverhaltens. Sie werden von den sich untereinander austauschenden IT-Systemen gesammelt. Von meiner Webseite aus habe ich auf diese Datenerhebung keinen Einfluss und kann auf die erhobenen Daten auch nicht zugreifen.<\/p>\n<p>3. Datenschutz<br \/>\nAuf meiner Webseite gerhardschulze.de erhebe, nutze und speichere ich keine personenbezogenen Daten. Es gibt kein Kontaktformular, keine Bezahlm\u00f6glichkeit und keine Kommentarfunktion. Somit entsteht f\u00fcr die Besucherinnen und Besucher meiner Webseite auch kein Anspruch auf die in der Datenschutz-Grundverordnung (DSGVO) vorgesehene Auskunftspflicht \u00fcber die Nutzung von personenbezogenen Daten. Auch entf\u00e4llt das Recht auf L\u00f6schung oder Korrektur dieser Daten, da von mir keine Daten erhoben werden. Ein Beschwerderecht steht trotzdem jeder Besucherin und jedem Besucher zu. Eine Liste der Datenschutzbeauftragten samt Kontaktdaten finden Sie <a href=\"https:\/\/www.bfdi.bund.de\/DE\/Service\/Anschriften\/anschriften_table.html\" target=\"_blank\" rel=\"noopener\">hier<\/a>.<br \/>\nVorsorglich weise ich noch darauf hin, dass jede Daten\u00fcbertragung im Internet (auch bei Kommunikation via E-Mail) Sicherheitsm\u00e4ngel haben kann. Ein l\u00fcckenloser Schutz von Daten vor einem Zugriff durch Dritte ist nicht m\u00f6glich und kann darum auch nicht hundertprozentig garantiert werden.<\/p>\n<p>4. Server-Log-Dateien<br \/>\nDie IT-Systeme, die meine Webseite zur Verf\u00fcgung stellen und betreuen, nutzen sogenannte Server-Log-Dateien, die Ihr Internetbrowser automatisch \u00fcbermittelt, wenn Sie meine Webseite besuchen. Aus diesen Dateien geht zum Beispiel hervor, welchen Browser Sie verwenden, wie Ihre IP-Adresse lautet, welches Betriebssystem Sie verwenden oder wie die URL lautet, \u00fcber die Sie zu meiner Webseite gefunden haben. Weitergegeben wird auch der Name Ihres Rechners und wann Ihr Seitenaufruf stattfand. Auf diesen Datenaustausch der beteiligten IT-Systeme habe ich keinen Einfluss und habe auch keinen Zugriff auf Ihre Daten.<\/p>\n<p>5. Einwilligung zur Datenverarbeitung<br \/>\nDie Erhebung von technischen Daten beim Besuch meiner Webseite dient ihrer fehlerfreien Bereitstellung und erfolgt automatisch. Besucherinnen und Besucher meiner Webseite k\u00f6nnen in diese Art der Datenverarbeitung weder einwilligen noch k\u00f6nnen sie ihre Einwilligung widerrufen.<br \/>\nAuch die Erhebung statistischer Daten und die Analyse des Nutzerverhaltens erfolgt \u00fcber die am Kommunikationsprozess beteiligten IT-Systeme, der Sie weder zustimmen noch ihre Einwilligung dazu widerrufen k\u00f6nnen.<br \/>\nAls Betreiber der Webseite gerhardschulze.de habe ich auf die Erhebung von technischen und statistischen Daten keinen Einfluss und kann auch nicht auf sie zugreifen.<\/p>\n<p>6. Cookies<br \/>\nCookies dienen dazu, Internetseiten nutzerfreundlicher, effektiver und sicherer zu machen. Cookies sind kleine Textdateien, die in Ihrem Rechner abgelegt werden und die Ihr Browser speichert, meistens nur f\u00fcr kurze Zeit. Cookies, die der elektronischen Kommunikation und der Bereitstellung wichtiger Funktionen dienen, sind durch Artikel 6 Absatz 1 (lit.f) DSGVO legitimiert. Die Betreiber von Webseiten haben ein berechtigtes Interesse an der Speicherung von Cookies zur technisch fehlerfreien und optimierten Bereitstellung ihrer Dienste.<br \/>\nAuch Cookies zur Analyse Ihres Surfverhaltens k\u00f6nnen von den IT-Systemen gesetzt werden, die diese Webseite bereitstellen und ihre Funktionalit\u00e4t betreuen. Ich selbst habe ich darauf keinen Einfluss. Sie haben aber beim Besuch meiner Webseite \u00fcber den Cookie-Banner auf der Startseite die M\u00f6glichkeit, alle nicht unbedingt notwenigen Cookies abzulehnen.<\/p>\n<p>7. Kommentarfunktion<br \/>\nDie Kommentarfunktion auf meiner Webseite ist deaktiviert. Es werden somit auch auf diesem Weg keine personenbezogenen Daten erhoben.<\/p>\n<p>8. Verantwortliche Stelle<br \/>\nDie verantwortliche Stelle f\u00fcr die auf meiner Webseite gerhardschulze.de nicht erhobenen personenbezogenen Daten ist:<\/p>\n<p>Prof. Dr Gerhard Schulze<br \/>\nUniversit\u00e4t Bamberg<br \/>\nFeldkirchenstra\u00dfe 21<br \/>\n96045 Bamberg<br \/>\n0049\/(0)951\/863-2628<br \/>\ngerhard.schulze@uni-bamberg.de<\/p>\n","protected":false},"excerpt":{"rendered":"<p>Datenschutzerkl\u00e4rung 1. Personenbezogene Datenerfassung auf meiner Webseite Auf meiner Webseite gerhardschulze.de erhebe ich keine personenbezogenen Daten. Meine Webseite dient allein der Information zu meinen B\u00fcchern und sonstigen Ver\u00f6ffentlichungen, zu meinen Veranstaltungen an der Uni Bamberg und zu meiner Person. Es gibt kein Kontaktformular, keine Bezahlm\u00f6glichkeit und keine Kommentarfunktion. Sie k\u00f6nnen mir aber gerne an die&#8230;<\/p>\n","protected":false},"author":4,"featured_media":0,"parent":0,"menu_order":0,"comment_status":"closed","ping_status":"closed","template":"nosidebar.php","meta":{"footnotes":""},"class_list":["post-736","page","type-page","status-publish","hentry"],"_links":{"self":[{"href":"https:\/\/www.gerhardschulze.de\/index.php\/wp-json\/wp\/v2\/pages\/736","targetHints":{"allow":["GET"]}}],"collection":[{"href":"https:\/\/www.gerhardschulze.de\/index.php\/wp-json\/wp\/v2\/pages"}],"about":[{"href":"https:\/\/www.gerhardschulze.de\/index.php\/wp-json\/wp\/v2\/types\/page"}],"author":[{"embeddable":true,"href":"https:\/\/www.gerhardschulze.de\/index.php\/wp-json\/wp\/v2\/users\/4"}],"replies":[{"embeddable":true,"href":"https:\/\/www.gerhardschulze.de\/index.php\/wp-json\/wp\/v2\/comments?post=736"}],"version-history":[{"count":7,"href":"https:\/\/www.gerhardschulze.de\/index.php\/wp-json\/wp\/v2\/pages\/736\/revisions"}],"predecessor-version":[{"id":751,"href":"https:\/\/www.gerhardschulze.de\/index.php\/wp-json\/wp\/v2\/pages\/736\/revisions\/751"}],"wp:attachment":[{"href":"https:\/\/www.gerhardschulze.de\/index.php\/wp-json\/wp\/v2\/media?parent=736"}],"curies":[{"name":"wp","href":"https:\/\/api.w.org\/{rel}","templated":true}]}}