{"id":652,"date":"2019-07-23T12:58:56","date_gmt":"2019-07-23T10:58:56","guid":{"rendered":"http:\/\/www.gerhardschulze.de\/?page_id=652"},"modified":"2023-10-18T16:49:45","modified_gmt":"2023-10-18T14:49:45","slug":"soziologie-als-handwerk","status":"publish","type":"page","link":"https:\/\/www.gerhardschulze.de\/index.php\/bucher\/soziologie-als-handwerk\/","title":{"rendered":"Soziologie als Handwerk"},"content":{"rendered":"\n<div class=\"wp-block-image\"><figure class=\"alignright\"><img loading=\"lazy\" decoding=\"async\" width=\"200\" height=\"300\" src=\"https:\/\/www.gerhardschulze.de\/wp-content\/uploads\/9783593510255-200x300.jpg\" alt=\"\" class=\"wp-image-654\" srcset=\"https:\/\/www.gerhardschulze.de\/wp-content\/uploads\/9783593510255-200x300.jpg 200w, https:\/\/www.gerhardschulze.de\/wp-content\/uploads\/9783593510255-768x1152.jpg 768w, https:\/\/www.gerhardschulze.de\/wp-content\/uploads\/9783593510255-700x1050.jpg 700w, https:\/\/www.gerhardschulze.de\/wp-content\/uploads\/9783593510255-800x1200.jpg 800w, https:\/\/www.gerhardschulze.de\/wp-content\/uploads\/9783593510255.jpg 1795w\" sizes=\"auto, (max-width: 200px) 100vw, 200px\" \/><\/figure><\/div>\n\n\n\n<p><strong>Soziologie als Handwerk.<\/strong><\/p>\n\n\n\n<p>Eine Gebrauchsanweisung.<\/p>\n\n\n\n<p>Campus Verlag, Frankfurt\/New York 2019<\/p>\n\n\n\n<p>&nbsp;&nbsp; <\/p>\n\n\n\n<p>&nbsp;&nbsp; <\/p>\n\n\n\n<p>&nbsp;&nbsp; <\/p>\n\n\n\n<p>&#8222;Es ist ein Spagat: Die Soziologie soll ihrem Gegenstand, der Gesellschaft, gerecht werden, und zugleich Wissenschaft im strengen Sinne sein. Doch welchen Platz nimmt die Soziologie in der Gesellschaft ein? Und wie kann sie in der Praxis umgesetzt werden? Mit Gerhard Schulze widmet sich einer der renommiertesten Vertreter des Faches den grundlegenden Fragen der Soziologie und ihres Verh\u00e4ltnisses zur Gesellschaft. Denn Soziologie, so seine These, ist \u00fcberall. Schulze f\u00fchrt in den Forschungsgegenstand ein, zeigt, was die Soziologie als Wissenschaft auszeichnet und wie sie sich von den Naturwissenschaften unterscheidet. Wie entstehen Erfahrungen und wie werden sie von Soziologen erhoben und interpretiert? Das Buch besch\u00e4ftigt sich auch mit der Frage, wie sich die Soziologie \u00f6ffentlich besser zur Geltung bringen kann.&#8220; (<a href=\"https:\/\/www.campus.de\/buecher-campus-verlag\/wissenschaft\/soziologie\/soziologie_als_handwerk-15349.html\">Verlagsank\u00fcndigung<\/a>)<\/p>\n","protected":false},"excerpt":{"rendered":"<p>Soziologie als Handwerk. Eine Gebrauchsanweisung. Campus Verlag, Frankfurt\/New York 2019 &nbsp;&nbsp; &nbsp;&nbsp; &nbsp;&nbsp; &#8222;Es ist ein Spagat: Die Soziologie soll ihrem Gegenstand, der Gesellschaft, gerecht werden, und zugleich Wissenschaft im strengen Sinne sein. Doch welchen Platz nimmt die Soziologie in der Gesellschaft ein? Und wie kann sie in der Praxis umgesetzt werden? Mit Gerhard Schulze&#8230;<\/p>\n","protected":false},"author":4,"featured_media":0,"parent":21,"menu_order":0,"comment_status":"closed","ping_status":"closed","template":"nosidebar.php","meta":{"footnotes":""},"class_list":["post-652","page","type-page","status-publish","hentry"],"_links":{"self":[{"href":"https:\/\/www.gerhardschulze.de\/index.php\/wp-json\/wp\/v2\/pages\/652","targetHints":{"allow":["GET"]}}],"collection":[{"href":"https:\/\/www.gerhardschulze.de\/index.php\/wp-json\/wp\/v2\/pages"}],"about":[{"href":"https:\/\/www.gerhardschulze.de\/index.php\/wp-json\/wp\/v2\/types\/page"}],"author":[{"embeddable":true,"href":"https:\/\/www.gerhardschulze.de\/index.php\/wp-json\/wp\/v2\/users\/4"}],"replies":[{"embeddable":true,"href":"https:\/\/www.gerhardschulze.de\/index.php\/wp-json\/wp\/v2\/comments?post=652"}],"version-history":[{"count":8,"href":"https:\/\/www.gerhardschulze.de\/index.php\/wp-json\/wp\/v2\/pages\/652\/revisions"}],"predecessor-version":[{"id":664,"href":"https:\/\/www.gerhardschulze.de\/index.php\/wp-json\/wp\/v2\/pages\/652\/revisions\/664"}],"up":[{"embeddable":true,"href":"https:\/\/www.gerhardschulze.de\/index.php\/wp-json\/wp\/v2\/pages\/21"}],"wp:attachment":[{"href":"https:\/\/www.gerhardschulze.de\/index.php\/wp-json\/wp\/v2\/media?parent=652"}],"curies":[{"name":"wp","href":"https:\/\/api.w.org\/{rel}","templated":true}]}}