{"id":60,"date":"2009-06-14T16:35:05","date_gmt":"2009-06-14T14:35:05","guid":{"rendered":"http:\/\/www.gerhardschulze.de\/?page_id=60"},"modified":"2023-10-18T16:51:48","modified_gmt":"2023-10-18T14:51:48","slug":"inhaltsverzeichnis","status":"publish","type":"page","link":"https:\/\/www.gerhardschulze.de\/index.php\/bucher\/die-beste-aller-welten\/inhaltsverzeichnis\/","title":{"rendered":"Inhaltsverzeichnis"},"content":{"rendered":"<p><strong>Unsichtbare Herausforderungen<\/strong><\/p>\n<p><img loading=\"lazy\" decoding=\"async\" class=\"alignright size-full wp-image-61\" title=\"diebesteallerwelten\" src=\"https:\/\/www.gerhardschulze.de\/wp-content\/uploads\/diebesteallerwelten.jpg\" alt=\"diebesteallerwelten\" width=\"154\" height=\"250\" \/><\/p>\n<p><span style=\"text-decoration: underline;\">Zukunftsdiskurs jenseits der Utopien<\/span><\/p>\n<p>Post-utopisches Denken<br \/>\nFortsetzungsvermutung<br \/>\nKritik<br \/>\nUngl\u00fcck und entgangenes Gl\u00fcck. Zwei Kritikmuster<br \/>\nHindernisse der Kritik entgangenen Gl\u00fccks<\/p>\n<p><span style=\"text-decoration: underline;\">Wohin bewegt sich die Moderne?<\/span><\/p>\n<p>Dynamik als Stillstand<br \/>\nDas Ende der Eingleisigkeit<br \/>\nModernit\u00e4t ohne Sachzwang<\/p>\n<p><span style=\"text-decoration: underline;\">Thema Kultur<\/span><\/p>\n<p>Vormoderne Diskurswirklichkeit<br \/>\nEine lange Themenkarriere<br \/>\nDas Nachinken kollektiven Lernens<br \/>\nSteigerung und Ankunft<\/p>\n<p>Der Sinn des Absurden<\/p>\n<p><span style=\"text-decoration: underline;\">Ein existenzphilosophischer Blick auf die Gegenwart<\/span><\/p>\n<p>Das Absurde. Gedanken zu Camus<br \/>\nStille Sinnverschiebung. Steigerung als Wert an sich<br \/>\nAngst vor Leere<\/p>\n<p><span style=\"text-decoration: underline;\">Wege des Nutzens. Das Beispiel des Konsums<\/span><\/p>\n<p>Gelerntes Mehr-Wollen<br \/>\nObjektive Steigerung: Erweiterung, Perfektionierung, Vermehrung<br \/>\nSymbolische Steigerung: Mehr scheinen<br \/>\nSubjektive Steigerung: Sch\u00f6ner leben<br \/>\nWandel des Konsums<br \/>\nDas Absurde in der Geschichte des Konsums<\/p>\n<p><span style=\"text-decoration: underline;\">Wege der Zeichen. Das Beispiel des Medien<\/span><\/p>\n<p>Die Kernidee der Medien<br \/>\nMedien und Steigerung<br \/>\nTechnische Steigerung<br \/>\nInhaltssteigerung<br \/>\nSelbststeigerung durch Selbstbeobachtung<br \/>\nMedienvermehrung<br \/>\nDas Absurde in der Geschichte der Medien<\/p>\n<p><span style=\"text-decoration: underline;\">Zur Soziologie des Absurden<\/span><\/p>\n<p>Das Risiko langer Wege<br \/>\nOrganisierte Sinnillusion<\/p>\n<p>Das Steigerungsspiel<\/p>\n<p><span style=\"text-decoration: underline;\">Ein Strom von Episoden<\/span><\/p>\n<p>Der Begriff des Steigerungsspiels<br \/>\nDie allen gemeinsame Basisorientierung<br \/>\nWarum Spiel?<br \/>\nUnsch\u00e4rfe. Ein methodischer Exkurs<\/p>\n<p><span style=\"text-decoration: underline;\">Die Steigerungslogik<\/span><\/p>\n<p>Denken in Skalen<br \/>\nNach oben offene Wertvergleiche<br \/>\n\u00dcbertragbarkeit<br \/>\nZeitvorstellungen<br \/>\nDas Paradigma der Sachbezogenheit<\/p>\n<p><span style=\"text-decoration: underline;\">Normaler Wandel, geordnete Transformation<\/span><\/p>\n<p><span style=\"text-decoration: underline;\">Steigerungspfade, Plateauphasen, Steigerungsspr\u00fcnge<\/span><\/p>\n<p><span style=\"text-decoration: underline;\">Wechselwirkung von Handlungsfeldern. Zwei Beispiele<\/span><\/p>\n<p>Konsum, Technik und Produktion<br \/>\nWissenschaft und Technik<\/p>\n<p><span style=\"text-decoration: underline;\">Kapitalismus. Exkurs \u00fcber die Beschr\u00e4nktheit eines Leitbegriffs<\/span><\/p>\n<p>Wandels des Wandels<\/p>\n<p><span style=\"text-decoration: underline;\">Fortsetzung oder Ende? Ein Scheinkonflikt<\/span><\/p>\n<p>Plausible Heilserwartung?<br \/>\nWirkungslose Opposition<br \/>\nEine angstblockierte Debatte<br \/>\nThese, Antithese, Synthese. Der Kurs der folgenden \u00dcberlegungen<\/p>\n<p><span style=\"text-decoration: underline;\">Argumente f\u00fcr die Fortsetzungsvermutung<\/span><\/p>\n<p>Steigerungsdenken ist universell<br \/>\nEindeutigkeit durch Objektivierung<br \/>\nAbstraktion. Die \u00dcberlegenheit schwebenden Denkens<br \/>\nPermanenter Wertvorsprung<br \/>\nDer Spezialisierungsbonus<br \/>\nPositive R\u00fcckkoppelungen<br \/>\nUnwiderstehlichkeit. \u00dcber die Kraft des Eingespieltseins<br \/>\nDefizite sind Ressourcen<br \/>\nBeispiel Umwelt<br \/>\nBeispiel \u00dcberkomplexit\u00e4t<br \/>\nBeispiel Ungleichheit<\/p>\n<p><span style=\"text-decoration: underline;\">Verknappung von Steigerungswissen<\/span><\/p>\n<p>Warum ein Wandel des Wandels wahrscheinlich ist<br \/>\nUniversalwissen und Steigerungswissen. \u00dcber fl\u00fcchtige kognitive Ressourcen<br \/>\nPerfektionierbarkeit. Endliche Spielr\u00e4ume auf gegebenen Pfaden<br \/>\nErweiterbarkeit. Die Umwandlung potentieller in aktuelle W\u00fcnsche<br \/>\nEntdeckbarkeit. Die Ausbeutung des Vorrats an Invarianzen<br \/>\nObjektivierbarkeit. Das knappe Gut der Eindeutigkeit<\/p>\n<p><span style=\"text-decoration: underline;\">Das zweidimensionale Leben<\/span><\/p>\n<p>Gebremste Fortsetzung und Verlust der kulturellen Hegemonie<br \/>\nJenseits der Sachen<br \/>\nK\u00f6nnen und Sein<\/p>\n<p>Der neue Common Sense<\/p>\n<p><span style=\"text-decoration: underline;\">Wie weiterdenken?<\/span><\/p>\n<p>Dialektik und prognostisches Verstehen<br \/>\nTausch, Ergebnis, T\u00e4tigkeit. K\u00f6nnen und Sein im Handlungsentwurf<br \/>\nWas hei\u00dft Verstehen?<br \/>\nCommon Sense<br \/>\nEinzelne und mehrere<br \/>\nDie Kunst der Grobeinstellung<br \/>\nZusammenfassung. Der Denkrahmen im \u00dcberblick<\/p>\n<p><span style=\"text-decoration: underline;\">Erweiterung der Weltsicht. \u00dcber den Wandel des Alltagswissens<\/span><\/p>\n<p>Die Welt aus der Sicht des Seins<br \/>\nDas Paradigma der Begegnung<br \/>\nIch. F\u00e4higkeit oder Selbst<br \/>\nDu. Kunde oder Gegen\u00fcber<br \/>\nBeziehung. Gesellschaft oder Gemeinschaft<br \/>\nArtefakte. Konstruktion oder Werk<br \/>\nNatur. Materie oder Erscheinung<br \/>\nBegegnung und Idyll<\/p>\n<p><span style=\"text-decoration: underline;\">Seinsgerichtetes Handeln<\/span><\/p>\n<p>Teil und Ganzes. Systematische Vorbemerkung<br \/>\nVergleichen. Mehr oder Anders<br \/>\nPlanen. Steigerung oder Ann\u00e4herung und Expedition<br \/>\nWahrnehmen. Abstraktion oder Konkretisierung<br \/>\nReflektieren. Methode oder Erfahrung und Improvisation<\/p>\n<p><span style=\"text-decoration: underline;\">Soziologie des Seins<\/span><\/p>\n<p>Worum es geht<br \/>\nOrdnung. Funktionszusammenhang oder Enklave<br \/>\nMacht. M\u00f6glichkeitskontrolle oder Beeinflussung<br \/>\nWandel. Vertikal oder horizontal<\/p>\n<p><span style=\"text-decoration: underline;\">Der neue Common Sense. Eine Zusammenfassung<\/span><\/p>\n<p>Zukunft des Lernens<\/p>\n<p><span style=\"text-decoration: underline;\">Suchbewegungen des 21. Jahrhunderts<\/span><\/p>\n<p>Kollektives Lernen<br \/>\nGewissheit als Lernblockade<br \/>\n\u00dcber die Skepsis<br \/>\nDer gegenw\u00e4rtige Wandel kollektiven Lernens<br \/>\nParadigmenverbindung, nicht Paradigmenwechsel<br \/>\nLernwege. Die Zentralperspektive von Zukunftsdiskursen<br \/>\nDer Aufbruch des 21. Jahrhunderts. Thesen<\/p>\n<p><span style=\"text-decoration: underline;\">Die Erschlie\u00dfung des Normalen<\/span><\/p>\n<p>Kultur verstehen. Schl\u00fcsselkompetenz der Zukunft<br \/>\nIntelligenz der Ankunft. Eine neue Herausforderung<br \/>\nOrdnung wird schwieriger<br \/>\nZwei Ebenen<br \/>\nWandel des Denkens \u00fcber das Denken<br \/>\nErkenntnistheorie des Alltagsverstands<br \/>\nDas Normale<br \/>\nVon topologischer zu zeitbezogener Wahrnehmung<br \/>\nDie Fazination des Ungew\u00f6hnlichen und der Reiz des Normalen<br \/>\nWiederholte Episoden. Die Substanz von Kultur<br \/>\nJenseits des Maschinenmodells<\/p>\n","protected":false},"excerpt":{"rendered":"<p>Unsichtbare Herausforderungen Zukunftsdiskurs jenseits der Utopien Post-utopisches Denken Fortsetzungsvermutung Kritik Ungl\u00fcck und entgangenes Gl\u00fcck. Zwei Kritikmuster Hindernisse der Kritik entgangenen Gl\u00fccks Wohin bewegt sich die Moderne? Dynamik als Stillstand Das Ende der Eingleisigkeit Modernit\u00e4t ohne Sachzwang Thema Kultur Vormoderne Diskurswirklichkeit Eine lange Themenkarriere Das Nachinken kollektiven Lernens Steigerung und Ankunft Der Sinn des Absurden Ein&#8230;<\/p>\n","protected":false},"author":4,"featured_media":0,"parent":41,"menu_order":1,"comment_status":"closed","ping_status":"closed","template":"nosidebar.php","meta":{"footnotes":""},"class_list":["post-60","page","type-page","status-publish","hentry"],"_links":{"self":[{"href":"https:\/\/www.gerhardschulze.de\/index.php\/wp-json\/wp\/v2\/pages\/60","targetHints":{"allow":["GET"]}}],"collection":[{"href":"https:\/\/www.gerhardschulze.de\/index.php\/wp-json\/wp\/v2\/pages"}],"about":[{"href":"https:\/\/www.gerhardschulze.de\/index.php\/wp-json\/wp\/v2\/types\/page"}],"author":[{"embeddable":true,"href":"https:\/\/www.gerhardschulze.de\/index.php\/wp-json\/wp\/v2\/users\/4"}],"replies":[{"embeddable":true,"href":"https:\/\/www.gerhardschulze.de\/index.php\/wp-json\/wp\/v2\/comments?post=60"}],"version-history":[{"count":6,"href":"https:\/\/www.gerhardschulze.de\/index.php\/wp-json\/wp\/v2\/pages\/60\/revisions"}],"predecessor-version":[{"id":249,"href":"https:\/\/www.gerhardschulze.de\/index.php\/wp-json\/wp\/v2\/pages\/60\/revisions\/249"}],"up":[{"embeddable":true,"href":"https:\/\/www.gerhardschulze.de\/index.php\/wp-json\/wp\/v2\/pages\/41"}],"wp:attachment":[{"href":"https:\/\/www.gerhardschulze.de\/index.php\/wp-json\/wp\/v2\/media?parent=60"}],"curies":[{"name":"wp","href":"https:\/\/api.w.org\/{rel}","templated":true}]}}