{"id":307,"date":"2010-10-12T12:48:43","date_gmt":"2010-10-12T10:48:43","guid":{"rendered":"http:\/\/www.gerhardschulze.de\/?page_id=307"},"modified":"2023-10-18T16:52:23","modified_gmt":"2023-10-18T14:52:23","slug":"bucherdie-erlebnisgesellschaftinhaltsverzeichnis","status":"publish","type":"page","link":"https:\/\/www.gerhardschulze.de\/index.php\/bucher\/die-erlebnisgesellschaft\/bucherdie-erlebnisgesellschaftinhaltsverzeichnis\/","title":{"rendered":"Inhaltsverzeichnis"},"content":{"rendered":"<p><!-- \t\t@page { margin: 2cm } \t\tP { margin-bottom: 0.21cm } --><span style=\"color: #000000;\"><span style=\"font-size: medium;\">1. Kapitel: \u00c4sthetisierung des Alltagslebens<\/span> <\/span><\/p>\n<p><span style=\"color: #000000;\">1.1<\/span><span style=\"color: #000000;\"> <\/span><span style=\"color: #000000;\">Erlebnisgesellschaft<\/span><\/p>\n<p><span style=\"color: #000000;\">1.2 \tDie Vermehrung der M\u00f6glichkeiten<\/span><\/p>\n<p><span style=\"color: #000000;\">1.3\tErlebe dein Leben<\/span><\/p>\n<p><span style=\"color: #000000;\">1.4\tUnsicherheit<\/span><\/p>\n<p><span style=\"color: #000000;\">1.5\tEntt\u00e4uschung<\/span><\/p>\n<p><span style=\"color: #000000;\">1.6\tWandel der normalen existentiellen Problemdefinition und Gesellschaftsbildung<\/span><\/p>\n<p><span style=\"color: #000000;\">1.7\tZusammenh\u00e4nge. Grundlinien der weiteren Analyse<\/span><\/p>\n<p><span style=\"color: #000000;\">1.8\tGemeinsamkeit trotz Individualisierung<\/span><\/p>\n<p><span style=\"color: #000000;\">1.9\tTheoretische Affinit\u00e4ten: Tour d&#8217;horizon<\/span><\/p>\n<p><span style=\"color: #000000;\">1.10<\/span><span style=\"color: #000000;\"> <\/span><span style=\"color: #000000;\">Der empirische Teil der Untersuchung<\/span><\/p>\n<p><span style=\"color: #000000;\"><br \/>\n<\/span><\/p>\n<p><!-- \t\t@page { margin: 2cm } \t\tP { margin-bottom: 0.21cm } --><span style=\"color: #000000;\"><span style=\"font-size: medium;\"><em>2.<\/em><\/span><\/span><span style=\"color: #000000;\"><span style=\"font-size: medium;\"><em> <\/em><\/span><\/span><span style=\"color: #000000;\"><span style=\"font-size: medium;\">Kapitel: Hermeneutik der Stile<\/span><\/span><\/p>\n<p><span style=\"color: #000000;\">2.1\tDas semantische Paradigma<\/span><\/p>\n<p><span style=\"color: #000000;\">2.2\tAlltags\u00e4sthetische Episoden<\/span><\/p>\n<p><span style=\"color: #000000;\">2.3\tStil<\/span><\/p>\n<p><span style=\"color: #000000;\">2.4\tGenu\u00df<\/span><\/p>\n<p><span style=\"color: #000000;\">2.5\tDistinktion<\/span><\/p>\n<p><span style=\"color: #000000;\">2.6\tLebensphilosophie<\/span><\/p>\n<p><span style=\"color: #000000;\">2.7\tMehrschichtigkeit<\/span><\/p>\n<p><span style=\"color: #000000;\">2.8\tZeichenfluktuation und Bedeutungskonstanz<\/span><\/p>\n<p><span style=\"color: #000000;\">2.9\tSingularit\u00e4t und Gemeinsamkeit<\/span><\/p>\n<p><span style=\"color: #000000;\">2.10\tVereinfachung intersubjektiver Bedeutungskosmen Stiltypen<\/span><\/p>\n<p><span style=\"color: #000000;\"><br \/>\n<\/span><\/p>\n<p><!-- \t\t@page { margin: 2cm } \t\tP { margin-bottom: 0.21cm } --><\/p>\n<p><span style=\"color: #000000;\"><span style=\"font-size: medium;\">3.<\/span><\/span><span style=\"color: #000000;\"><span style=\"font-size: medium;\"> <\/span><\/span><span style=\"color: #000000;\"><span style=\"font-size: medium;\">Kapitel: Alltags\u00e4sthetische Schemata in Deutschland<\/span><\/span><\/p>\n<p><span style=\"color: #000000;\">3.1<\/span><span style=\"color: #000000;\"> <\/span><span style=\"color: #000000;\">Bedeutungs\u00e4quivalente Zeichengruppen<\/span><\/p>\n<p><span style=\"color: #000000;\">Der Begriff alltags\u00e4sthetischer Schemata<\/span><\/p>\n<p><span style=\"color: #000000;\">3.2<\/span><span style=\"color: #000000;\"> <\/span><span style=\"color: #000000;\">Erlebnisreiz, Tradition, Definition<\/span><\/p>\n<p><span style=\"color: #000000;\">Zur Entstehung von Bedeutungs\u00e4quivalenzen<\/span><\/p>\n<p><span style=\"color: #000000;\">3.3\tGesellschaftstypus und \tSchematisierungstendenz<\/span><\/p>\n<p><span style=\"color: #000000;\">3.4\tHermeneutik von Massendaten<\/span><\/p>\n<p><span style=\"color: #000000;\">3.5\tHochkulturschema<\/span><\/p>\n<p><span style=\"color: #000000;\">3.6\tTrivialschema<\/span><\/p>\n<p><span style=\"color: #000000;\">3.7\tSpannungsschema<\/span><\/p>\n<p><span style=\"color: #000000;\">3.8\tDer dimensionale Raum der Stile<\/span><\/p>\n<p><span style=\"color: #000000;\">3.9\tZur Evolution des dimensionalen Raumes<\/span><\/p>\n<p><span style=\"color: #000000;\">3.10\tDer Bedeutungswandel des Sch\u00f6nen<\/span><\/p>\n<p><span style=\"color: #000000;\"><br \/>\n<\/span><\/p>\n<p><!-- \t\t@page { margin: 2cm } \t\tP { margin-bottom: 0.21cm } --><\/p>\n<p><span style=\"color: #000000;\"><span style=\"font-size: medium;\">4.<\/span><\/span><span style=\"color: #000000;\"><span style=\"font-size: medium;\"> <\/span><\/span><span style=\"color: #000000;\"><span style=\"font-size: medium;\">Kapitel: Theorie sozialer Segmentierung<\/span><\/span><\/p>\n<p><span style=\"color: #000000;\">4.1\tExistenzformen<\/span><\/p>\n<p><span style=\"color: #000000;\">4.2\tSoziale Milieus<\/span><\/p>\n<p><span style=\"color: #000000;\">4.3\tBeziehungsvorgabe<\/span><\/p>\n<p><span style=\"color: #000000;\">4.4\tBeziehungswahl<\/span><\/p>\n<p><span style=\"color: #000000;\">4.5\tZeichen und Gestalt<\/span><\/p>\n<p><span style=\"color: #000000;\">4.6\tDer neue Blick f\u00fcr den anderen<\/span><\/p>\n<p><span style=\"color: #000000;\">4.7\tEvidenz und Signifikanz<\/span><\/p>\n<p><span style=\"color: #000000;\">4.8\tManifester Stiltypus als Milieuzeichen<\/span><\/p>\n<p><span style=\"color: #000000;\">4.9\tAlter als Milieuzeichen<\/span><\/p>\n<p><span style=\"color: #000000;\">4.10\tBildung als Milieuzeichen<\/span><\/p>\n<p><span style=\"color: #000000;\">4.11\tHervortreten und Verblassen von Zeichen<\/span><\/p>\n<p><span style=\"color: #000000;\">4.12\tWandel des Aufbaus von Existenzformen<\/span><\/p>\n<p><span style=\"color: #000000;\">4.13\tDie \tSegmentierungshierarchie<\/span><\/p>\n<p><span style=\"color: #000000;\">4.14\tDas \tUnsch\u00e4rfeproblem<\/span><\/p>\n<p><span style=\"color: #000000;\"><br \/>\n<\/span><\/p>\n<p><!-- \t\t@page { margin: 2cm } \t\tP { margin-bottom: 0.21cm } --><\/p>\n<p><span style=\"color: #000000;\"><span style=\"font-size: medium;\">5. Kapitel:  Die wissenssoziologische Interpretation <\/span><\/span><span style=\"color: #000000;\"><span style=\"font-size: medium;\">sozialer Milieus<\/span><\/span><\/p>\n<p><span style=\"color: #000000;\">5.1\tZwischenbilanz und Vorausschau<\/span><\/p>\n<p><span style=\"color: #000000;\">5.2\tKollektives existentielles Wissen<\/span><\/p>\n<p><span style=\"color: #000000;\">5.3 <\/span><span style=\"color: #000000;\">Die vorgestellte Welt: Wirklichkeitsmodelle<\/span><\/p>\n<p><span style=\"color: #000000;\">5.4<\/span><span style=\"color: #000000;\"> <\/span><span style=\"color: #000000;\">Existentielle Anschauungsweisen<\/span><\/p>\n<p><span style=\"color: #000000;\">5.5<\/span><span style=\"color: #000000;\"> <\/span><span style=\"color: #000000;\">Subjekt und Wirklichkeit<\/span><\/p>\n<p><span style=\"color: #000000;\">Zwei Verweisungszusammenh\u00e4nge<\/span><\/p>\n<p><span style=\"color: #000000;\">5.6<\/span><span style=\"color: #000000;\"> <\/span><span style=\"color: #000000;\">Kognitive Selbstorganisation der Gesellschaft<\/span><\/p>\n<p><span style=\"color: #000000;\">Homologie und fundamentale Semantik<\/span><\/p>\n<p><span style=\"color: #000000;\">5.7<\/span><span style=\"color: #000000;\"> <\/span><span style=\"color: #000000;\">Von au\u00dfenorientierter zu innenorientierter Semantik<\/span><\/p>\n<p><span style=\"color: #000000;\">5.8\tEmpirische Illustration<\/span><\/p>\n<p><span style=\"color: #000000;\">5.9\tDenkmuster. \u00dcber den probabilistischen \tCharakter kollektiven Wissens<\/span><\/p>\n<p><span style=\"color: #000000;\">5.10\tDie Tr\u00e4gheit subjektiver Welten<\/span><\/p>\n<p><span style=\"color: #000000;\">5.11\tDie soziale Erarbeitung kognitiver \t\u00c4hnlichkeit<\/span><\/p>\n<p><span style=\"color: #000000;\">5.12\tSoziale Milieus als Wissensgemeinschaften<\/span><\/p>\n<p><span style=\"color: #000000;\">5.13\tZunahme mittlerer Gemeinsamkeit<\/span><\/p>\n<p><span style=\"color: #000000;\">5.14\tGegensatz \tund Ordnung<\/span><\/p>\n<p><span style=\"color: #000000;\">5.15\tInterpretationspfade: \tEmpirische Einstiegsm\u00f6glichkeiten<\/span><\/p>\n<p><span style=\"color: #000000;\"><br \/>\n<\/span><\/p>\n<p><!-- \t\t@page { margin: 2cm } \t\tP { margin-bottom: 0.21cm } --><\/p>\n<p><span style=\"color: #000000;\"><span style=\"font-size: medium;\">6.<\/span><\/span><span style=\"color: #000000;\"><span style=\"font-size: medium;\"> <\/span><\/span><span style=\"color: #000000;\"><span style=\"font-size: medium;\">Kapitel: F\u00fcnf Milieubeschreibungen<\/span><\/span><\/p>\n<p><span style=\"color: #000000;\">6.1\tVoreinstellung und Hintergrund. Zur \tOrientierung<\/span><\/p>\n<p><span style=\"color: #000000;\">6.2\tNiveaumilieu<\/span><\/p>\n<p><span style=\"color: #000000;\">6.3\tHarmoniemilieu<\/span><\/p>\n<p><span style=\"color: #000000;\">6.4\tIntegrationsmilieu<\/span><\/p>\n<p><span style=\"color: #000000;\">6.5\tSelbstverwirklichungsmilieu<\/span><\/p>\n<p><span style=\"color: #000000;\">6.6\tUnterhaltungsmilieu<\/span><\/p>\n<p><span style=\"color: #000000;\">6.7\tZwischenbilanz. Zwei milieuvergleichende \tTableaus<\/span><\/p>\n<p><span style=\"color: #000000;\"><br \/>\n<\/span><\/p>\n<p><!-- \t\t@page { margin: 2cm } \t\tP { margin-bottom: 0.21cm } --><\/p>\n<p><span style=\"color: #000000;\"><span style=\"font-size: medium;\">7.<\/span><\/span><span style=\"color: #000000;\"><span style=\"font-size: medium;\"> <\/span><\/span><span style=\"color: #000000;\"><span style=\"font-size: medium;\">Kapitel: Das Ganze<\/span><\/span><\/p>\n<p><span style=\"color: #000000;\"><span style=\"font-size: medium;\">Zur Milieukonstellation der Gegenwart<\/span><\/span><\/p>\n<p><span style=\"color: #000000;\">7.1\tVom \tEinzelnen zum Ganzen<\/span><\/p>\n<p><span style=\"color: #000000;\">7.2\tKomplexit\u00e4t \tund Einfachheit, Ordnung und Spontaneit\u00e4t<\/span><\/p>\n<p><span style=\"color: #000000;\">7.3\tHomologien \tim Zeichen der fundamentalen Semantik<\/span><\/p>\n<p><span style=\"color: #000000;\">7.4\tDie \tStruktur gegenseitigen Nichtverstehens<\/span><\/p>\n<p><span style=\"color: #000000;\">7.5\tDie \tAltersgrenze<\/span><\/p>\n<p><span style=\"color: #000000;\">Zur Soziologie der Lebensmitte<\/span><\/p>\n<p><span style=\"color: #000000;\">7.6<\/span><span style=\"color: #000000;\"> <\/span><span style=\"color: #000000;\">Die Verschiebung der Bildungsgrenzen in der Generationenfolge<\/span><\/p>\n<p><span style=\"color: #000000;\">7.7\tBinnenkommunikation<\/span><\/p>\n<p><span style=\"color: #000000;\">7.8\tZwischen Vereinfachung und Differenzierung<\/span><\/p>\n<p><span style=\"color: #000000;\">7.9\tGrenzfalle und Inkonsistenzen<\/span><\/p>\n<p><span style=\"color: #000000;\">Eine Unsch\u00e4rfeanalyse<\/span><\/p>\n<p><span style=\"color: #000000;\">7.10<\/span><span style=\"color: #000000;\"> <\/span><span style=\"color: #000000;\">Kritische Bilanz und Forschungsvergleich<\/span><\/p>\n<p><span style=\"color: #000000;\"><br \/>\n<\/span><\/p>\n<p><!-- \t\t@page { margin: 2cm } \t\tP { margin-bottom: 0.21cm } --><\/p>\n<p><span style=\"color: #000000;\"><span style=\"font-size: medium;\">8.<\/span><\/span><span style=\"color: #000000;\"><span style=\"font-size: medium;\"> <\/span><\/span><span style=\"color: #000000;\"><span style=\"font-size: medium;\">Kapitel: Vorstellungen vom Ganzen<\/span><\/span><\/p>\n<p><span style=\"color: #000000;\">8.1<\/span><span style=\"color: #000000;\"> <\/span><span style=\"color: #000000;\">Wonach fragen?<\/span><\/p>\n<p><span style=\"color: #000000;\">Relevanztraditionen der Gro\u00dfgruppensoziologie<\/span><\/p>\n<p><span style=\"color: #000000;\">8.2\tGespaltene Vertikalit\u00e4t sozialer Lagen<\/span><\/p>\n<p><span style=\"color: #000000;\">8.3\tSozialprestige<\/span><\/p>\n<p><span style=\"color: #000000;\">Die Segmentierung des Jahrmarkts der Eitelkeiten<\/span><\/p>\n<p><span style=\"color: #000000;\">8.4\tVom sozialen Konflikt zur gegenseitigen \tDistanz<\/span><\/p>\n<p><span style=\"color: #000000;\">8.5\tAbschw\u00e4chung kollektiver Selbsterfahrung<\/span><\/p>\n<p><span style=\"color: #000000;\">8.6\tEntkollektivierung von \tWirklichkeitsmodellen<\/span><\/p>\n<p><span style=\"color: #000000;\"><br \/>\n<\/span><\/p>\n<p><!-- \t\t@page { margin: 2cm } \t\tP { margin-bottom: 0.21cm } --><\/p>\n<p><span style=\"color: #000000;\"><span style=\"font-size: medium;\">9.<\/span><\/span><span style=\"color: #000000;\"><span style=\"font-size: medium;\"> Kapitel: Der Erlebnismarkt<\/span><\/span><\/p>\n<p><span style=\"color: #000000;\">9.1\tInnengerichtete Modernisierung<\/span><\/p>\n<p><span style=\"color: #000000;\">9.2\tErlebnismarkt, Erlebnisangebot, \tErlebnisnachfrage<\/span><\/p>\n<p><span style=\"color: #000000;\">9.3\tHandlungsroutinen auf dem Erlebnismarkt<\/span><\/p>\n<p><span style=\"color: #000000;\">9.4\tVon au\u00dfenorientiertem zu \tinnenorientiertem Konsum<\/span><\/p>\n<p><span style=\"color: #000000;\">9.5\tErlebnis als Handlungsziel<\/span><\/p>\n<p><span style=\"color: #000000;\">9.6\tRationalit\u00e4t der Erlebnisnachfrage<\/span><\/p>\n<p><span style=\"color: #000000;\">9.7\tPublikumswirksamkeit als Handlungsziel<\/span><\/p>\n<p><span style=\"color: #000000;\">9.8\tRationalit\u00e4t des Erlebnisangebots<\/span><\/p>\n<p><span style=\"color: #000000;\">9.9\tDynamik des Erlebnismarktes<\/span><\/p>\n<p><span style=\"color: #000000;\">9.10\tZur Entwicklung alltags\u00e4sthetischer \tSchemata<\/span><\/p>\n<p><span style=\"color: #000000;\">9.11\tMilieusegmentierung im Zeichen des \tErlebnismarktes<\/span><\/p>\n<p><span style=\"color: #000000;\"><br \/>\n<\/span><\/p>\n<p><!-- \t\t@page { margin: 2cm } \t\tP { margin-bottom: 0.21cm } --><\/p>\n<p><span style=\"color: #000000;\"><span style=\"font-size: medium;\">10. Kapitel: Theorie der Szene<\/span><\/span><\/p>\n<p><span style=\"color: #000000;\">10.1\tPublikum<\/span><\/p>\n<p><span style=\"color: #000000;\">10.2\tSzenen<\/span><\/p>\n<p><span style=\"color: #000000;\">10.3\tEntstehung von Szenen<\/span><\/p>\n<p><span style=\"color: #000000;\">10.4\tSoziologische Bedeutung von Szenen<\/span><\/p>\n<p><span style=\"color: #000000;\">10.5\tDie empirische Erforschung von Szenen<\/span><\/p>\n<p><span style=\"color: #000000;\">10.6\tUmrisse einer gro\u00dfst\u00e4dtischen \tSzenenstruktur<\/span><\/p>\n<p><span style=\"color: #000000;\">10.7\tHochkulturszene<\/span><\/p>\n<p><span style=\"color: #000000;\">10.8\tNeue Kulturszene<\/span><\/p>\n<p><span style=\"color: #000000;\">10.9\tKulturladenszene<\/span><\/p>\n<p><span style=\"color: #000000;\">10.10\tKneipenszene<\/span><\/p>\n<p><span style=\"color: #000000;\">10.11\tSzenenstruktur und Milieudynamik<\/span><\/p>\n<p><span style=\"color: #000000;\"><br \/>\n<\/span><\/p>\n<p><!-- \t\t@page { margin: 2cm } \t\tP { margin-bottom: 0.21cm } --><span style=\"color: #000000;\"><span style=\"font-size: medium;\">11. Kapitel: Paradoxien der Kulturpolitik<\/span><\/span><\/p>\n<p><span style=\"color: #000000;\">11.1<\/span><span style=\"color: #000000;\"> <\/span><span style=\"color: #000000;\">Irrelevanz, Gestaltung, Nebenfolgen<\/span><\/p>\n<p><span style=\"color: #000000;\">Zur Wirkungsanalyse der Kulturpolitik<\/span><\/p>\n<p><span style=\"color: #000000;\">11.2\tKulturpolitische Leitmotive<\/span><\/p>\n<p><span style=\"color: #000000;\">11.3 \tAkteure des kulturpolitischen \tHandlungsfeldes<\/span><\/p>\n<p><span style=\"color: #000000;\">11.4\tArrangements von Rationalit\u00e4ten<\/span><\/p>\n<p><span style=\"color: #000000;\">11.5\tDer Rechtfertigungskonsens<\/span><\/p>\n<p><span style=\"color: #000000;\">11.6\tAnstrengung und Bequemlichkeit<\/span><\/p>\n<p><span style=\"color: #000000;\">11.7\tAutonomie und Kolonialisierung<\/span><\/p>\n<p><span style=\"color: #000000;\">11.8\tGleichheit und Asymmetrie<\/span><\/p>\n<p><span style=\"color: #000000;\">11.9\tNeutralit\u00e4t und Politisierung<\/span><\/p>\n<p><span style=\"color: #000000;\">11.10\tKulturpolitik nach der utopischen Phase<\/span><\/p>\n<p><span style=\"color: #000000;\"><br \/>\n<\/span><\/p>\n<p><!-- \t\t@page { margin: 2cm } \t\tP { margin-bottom: 0.21cm } --><\/p>\n<p><span style=\"font-size: medium;\"><span style=\"color: #000000;\">12. Kapitel: Die Bundesrepublik \tDeutschland im kulturellen \u00dcbergang<\/span><\/span><\/p>\n<p><!-- \t\t@page { margin: 2cm } \t\tP { margin-bottom: 0.21cm } --><span style=\"color: #000000;\">12.1<\/span><span style=\"color: #000000;\"> <\/span><span style=\"color: #000000;\">Erstes Bild<\/span><\/p>\n<p><span style=\"color: #000000;\">Restauration der Industriegesellschaft<\/span><\/p>\n<p><span style=\"color: #000000;\">12.2<\/span><span style=\"color: #000000;\"> <\/span><span style=\"color: #000000;\">Zweites Bild<\/span><\/p>\n<p><span style=\"color: #000000;\">Kulturkonflikt<\/span><\/p>\n<p><span style=\"color: #000000;\">12.3<\/span><span style=\"color: #000000;\"> <\/span><span style=\"color: #000000;\">Drittes Bild<\/span><\/p>\n<p><span style=\"color: #000000;\">Die Erlebnisgesellschaft<\/span><\/p>\n<p><span style=\"color: #000000;\">12.4\tZum Wandel des Erlebens<\/span><\/p>\n<p><span style=\"color: #000000;\">12.5\tEin zusammenfassendes Tableau<\/span><\/p>\n","protected":false},"excerpt":{"rendered":"<p>1. Kapitel: \u00c4sthetisierung des Alltagslebens 1.1 Erlebnisgesellschaft 1.2 Die Vermehrung der M\u00f6glichkeiten 1.3 Erlebe dein Leben 1.4 Unsicherheit 1.5 Entt\u00e4uschung 1.6 Wandel der normalen existentiellen Problemdefinition und Gesellschaftsbildung 1.7 Zusammenh\u00e4nge. Grundlinien der weiteren Analyse 1.8 Gemeinsamkeit trotz Individualisierung 1.9 Theoretische Affinit\u00e4ten: Tour d&#8217;horizon 1.10 Der empirische Teil der Untersuchung 2. Kapitel: Hermeneutik der Stile 2.1&#8230;<\/p>\n","protected":false},"author":4,"featured_media":0,"parent":68,"menu_order":0,"comment_status":"closed","ping_status":"closed","template":"nosidebar.php","meta":{"footnotes":""},"class_list":["post-307","page","type-page","status-publish","hentry"],"_links":{"self":[{"href":"https:\/\/www.gerhardschulze.de\/index.php\/wp-json\/wp\/v2\/pages\/307","targetHints":{"allow":["GET"]}}],"collection":[{"href":"https:\/\/www.gerhardschulze.de\/index.php\/wp-json\/wp\/v2\/pages"}],"about":[{"href":"https:\/\/www.gerhardschulze.de\/index.php\/wp-json\/wp\/v2\/types\/page"}],"author":[{"embeddable":true,"href":"https:\/\/www.gerhardschulze.de\/index.php\/wp-json\/wp\/v2\/users\/4"}],"replies":[{"embeddable":true,"href":"https:\/\/www.gerhardschulze.de\/index.php\/wp-json\/wp\/v2\/comments?post=307"}],"version-history":[{"count":10,"href":"https:\/\/www.gerhardschulze.de\/index.php\/wp-json\/wp\/v2\/pages\/307\/revisions"}],"predecessor-version":[{"id":310,"href":"https:\/\/www.gerhardschulze.de\/index.php\/wp-json\/wp\/v2\/pages\/307\/revisions\/310"}],"up":[{"embeddable":true,"href":"https:\/\/www.gerhardschulze.de\/index.php\/wp-json\/wp\/v2\/pages\/68"}],"wp:attachment":[{"href":"https:\/\/www.gerhardschulze.de\/index.php\/wp-json\/wp\/v2\/media?parent=307"}],"curies":[{"name":"wp","href":"https:\/\/api.w.org\/{rel}","templated":true}]}}