{"id":3,"date":"2009-05-22T17:02:15","date_gmt":"2009-05-22T15:02:15","guid":{"rendered":"http:\/\/www.gerhardschulze.de\/?page_id=3"},"modified":"2023-10-18T16:55:28","modified_gmt":"2023-10-18T14:55:28","slug":"kontakt","status":"publish","type":"page","link":"https:\/\/www.gerhardschulze.de\/index.php\/kontakt\/","title":{"rendered":"Zur Person"},"content":{"rendered":"<p><a href=\"https:\/\/www.gerhardschulze.de\/wp-content\/uploads\/Dresden-1.jpg\"><img loading=\"lazy\" decoding=\"async\" class=\"alignnone size-full wp-image-236\" title=\"Gerhard Schulze\" src=\"https:\/\/www.gerhardschulze.de\/wp-content\/uploads\/Dresden-1.jpg\" alt=\"\" width=\"262\" height=\"320\" srcset=\"https:\/\/www.gerhardschulze.de\/wp-content\/uploads\/Dresden-1.jpg 262w, https:\/\/www.gerhardschulze.de\/wp-content\/uploads\/Dresden-1-245x300.jpg 245w\" sizes=\"auto, (max-width: 262px) 100vw, 262px\" \/><\/a><\/p>\n<p><strong>Gerhard Schulze<\/strong><\/p>\n<ul>\n<li>geboren 1944<\/li>\n<li>Studium der Soziologie in M\u00fcnchen und N\u00fcrnberg<\/li>\n<li>Promotion zum Dr. rer. pol. und Habilitation f\u00fcr Soziologie in N\u00fcrnberg<\/li>\n<li>Professor (em.) f\u00fcr Methoden der empirischen Sozialforschung und Wissenschaftstheorie an der Universit\u00e4t Bamberg, Fakult\u00e4t Sozial- und Wirtschaftswissenschaften<\/li>\n<\/ul>\n<p><strong>Themenfelder:<\/strong><\/p>\n<ul type=\"DISC\">\n<li>Sozialer und kultureller Wandel, Zeitdiagnosen, Zukunft<\/li>\n<li>Beschreibung sozialer Kontexte und der daran beteiligten Akteure<\/li>\n<li>Methoden der empirischen Sozialforschung<\/li>\n<li>Wissenschaftstheorie und Soziologie der Forschung<\/li>\n<\/ul>\n<p><strong>Aktivit\u00e4ten:<\/strong><\/p>\n<ul type=\"DISC\">\n<li>B\u00fccher, Aufs\u00e4tze, Presseartikel<\/li>\n<li>Beitr\u00e4ge in Rundfunk und Fernsehen<\/li>\n<li>Vortr\u00e4ge<\/li>\n<li>Workshops, Studientage, Seminare<\/li>\n<li>Lehre an der Universit\u00e4t Bamberg<\/li>\n<li>Consulting<\/li>\n<\/ul>\n<p>Anschrift:<br \/>\nProf. Dr. Gerhard Schulze<br \/>\nUniversit\u00e4t Bamberg<br \/>\n96045 Bamberg<br \/>\n0049\/(0)951\/863-2628<br \/>\n<a href=\"mailto:gerhard.schulze@uni-bamberg.de\" target=\"_blank\" rel=\"noopener noreferrer\">gerhard.schulze@uni-bamberg.de<\/a><\/p>\n","protected":false},"excerpt":{"rendered":"<p>Gerhard Schulze geboren 1944 Studium der Soziologie in M\u00fcnchen und N\u00fcrnberg Promotion zum Dr. rer. pol. und Habilitation f\u00fcr Soziologie in N\u00fcrnberg Professor (em.) f\u00fcr Methoden der empirischen Sozialforschung und Wissenschaftstheorie an der Universit\u00e4t Bamberg, Fakult\u00e4t Sozial- und Wirtschaftswissenschaften Themenfelder: Sozialer und kultureller Wandel, Zeitdiagnosen, Zukunft Beschreibung sozialer Kontexte und der daran beteiligten Akteure Methoden&#8230;<\/p>\n","protected":false},"author":4,"featured_media":0,"parent":0,"menu_order":20,"comment_status":"closed","ping_status":"closed","template":"nosidebar.php","meta":{"footnotes":""},"class_list":["post-3","page","type-page","status-publish","hentry"],"_links":{"self":[{"href":"https:\/\/www.gerhardschulze.de\/index.php\/wp-json\/wp\/v2\/pages\/3","targetHints":{"allow":["GET"]}}],"collection":[{"href":"https:\/\/www.gerhardschulze.de\/index.php\/wp-json\/wp\/v2\/pages"}],"about":[{"href":"https:\/\/www.gerhardschulze.de\/index.php\/wp-json\/wp\/v2\/types\/page"}],"author":[{"embeddable":true,"href":"https:\/\/www.gerhardschulze.de\/index.php\/wp-json\/wp\/v2\/users\/4"}],"replies":[{"embeddable":true,"href":"https:\/\/www.gerhardschulze.de\/index.php\/wp-json\/wp\/v2\/comments?post=3"}],"version-history":[{"count":17,"href":"https:\/\/www.gerhardschulze.de\/index.php\/wp-json\/wp\/v2\/pages\/3\/revisions"}],"predecessor-version":[{"id":739,"href":"https:\/\/www.gerhardschulze.de\/index.php\/wp-json\/wp\/v2\/pages\/3\/revisions\/739"}],"wp:attachment":[{"href":"https:\/\/www.gerhardschulze.de\/index.php\/wp-json\/wp\/v2\/media?parent=3"}],"curies":[{"name":"wp","href":"https:\/\/api.w.org\/{rel}","templated":true}]}}