{"id":27,"date":"2009-05-22T17:30:13","date_gmt":"2009-05-22T15:30:13","guid":{"rendered":"http:\/\/www.gerhardschulze.de\/?page_id=27"},"modified":"2023-10-18T16:51:03","modified_gmt":"2023-10-18T14:51:03","slug":"die-sunde","status":"publish","type":"page","link":"https:\/\/www.gerhardschulze.de\/index.php\/bucher\/die-sunde\/","title":{"rendered":"Die S\u00fcnde"},"content":{"rendered":"<p><strong><a href=\"https:\/\/www.gerhardschulze.de\/wp-content\/uploads\/diesuende.jpg\"><img loading=\"lazy\" decoding=\"async\" class=\"alignright size-medium wp-image-33\" title=\"diesuende\" src=\"https:\/\/www.gerhardschulze.de\/wp-content\/uploads\/diesuende-195x300.jpg\" alt=\"\" width=\"195\" height=\"300\" srcset=\"https:\/\/www.gerhardschulze.de\/wp-content\/uploads\/diesuende-195x300.jpg 195w, https:\/\/www.gerhardschulze.de\/wp-content\/uploads\/diesuende.jpg 228w\" sizes=\"auto, (max-width: 195px) 100vw, 195px\" \/><\/a>Die S\u00fcnde<\/strong>. Das sch\u00f6ne Leben und seine Feinde.<\/p>\n<p>Hanser Verlag M\u00fcnchen<br \/>\nM\u00e4rz 2006<\/p>\n<ul>\n<li><a href=\"https:\/\/www.gerhardschulze.de\/index.php\/bucher\/die-sunde\/inhaltsverzeichnis\/\">Inhaltsverzeichnis<\/a><\/li>\n<li><a href=\"https:\/\/www.gerhardschulze.de\/wp-content\/uploads\/derwestenunddiesuende.pdf\" target=\"_blank\" rel=\"noopener noreferrer\">Einleitung<\/a><\/li>\n<li><a href=\"https:\/\/www.gerhardschulze.de\/index.php\/bucher\/die-sunde\/rezensionen\/\">Rezensionen<\/a><\/li>\n<li><a href=\"https:\/\/www.gerhardschulze.de\/index.php\/bucher\/die-sunde\/tv-beitrage\/\">TV-Beitr\u00e4ge<\/a><\/li>\n<\/ul>\n<p><strong>Sachbuchbestenliste der S\u00fcddeutschen Zeitung und des Norddeutschen Rundfunks Juni 2006<\/strong><\/p>\n","protected":false},"excerpt":{"rendered":"<p>Die S\u00fcnde. Das sch\u00f6ne Leben und seine Feinde. Hanser Verlag M\u00fcnchen M\u00e4rz 2006 Inhaltsverzeichnis Einleitung Rezensionen TV-Beitr\u00e4ge Sachbuchbestenliste der S\u00fcddeutschen Zeitung und des Norddeutschen Rundfunks Juni 2006<\/p>\n","protected":false},"author":4,"featured_media":0,"parent":21,"menu_order":1,"comment_status":"closed","ping_status":"closed","template":"nosidebar.php","meta":{"footnotes":""},"class_list":["post-27","page","type-page","status-publish","hentry"],"_links":{"self":[{"href":"https:\/\/www.gerhardschulze.de\/index.php\/wp-json\/wp\/v2\/pages\/27","targetHints":{"allow":["GET"]}}],"collection":[{"href":"https:\/\/www.gerhardschulze.de\/index.php\/wp-json\/wp\/v2\/pages"}],"about":[{"href":"https:\/\/www.gerhardschulze.de\/index.php\/wp-json\/wp\/v2\/types\/page"}],"author":[{"embeddable":true,"href":"https:\/\/www.gerhardschulze.de\/index.php\/wp-json\/wp\/v2\/users\/4"}],"replies":[{"embeddable":true,"href":"https:\/\/www.gerhardschulze.de\/index.php\/wp-json\/wp\/v2\/comments?post=27"}],"version-history":[{"count":7,"href":"https:\/\/www.gerhardschulze.de\/index.php\/wp-json\/wp\/v2\/pages\/27\/revisions"}],"predecessor-version":[{"id":629,"href":"https:\/\/www.gerhardschulze.de\/index.php\/wp-json\/wp\/v2\/pages\/27\/revisions\/629"}],"up":[{"embeddable":true,"href":"https:\/\/www.gerhardschulze.de\/index.php\/wp-json\/wp\/v2\/pages\/21"}],"wp:attachment":[{"href":"https:\/\/www.gerhardschulze.de\/index.php\/wp-json\/wp\/v2\/media?parent=27"}],"curies":[{"name":"wp","href":"https:\/\/api.w.org\/{rel}","templated":true}]}}